{"id":241,"date":"2022-09-26T14:29:37","date_gmt":"2022-09-26T14:29:37","guid":{"rendered":"https:\/\/saitec.dnstemporaire.fr\/systems-and-resins\/"},"modified":"2025-04-10T14:17:53","modified_gmt":"2025-04-10T14:17:53","slug":"systems-and-resins","status":"publish","type":"page","link":"https:\/\/www.saitec.fr\/en\/systems-and-resins\/","title":{"rendered":"Systems and resins"},"content":{"rendered":"\n<h1 class=\"wp-block-heading\">TECHNICAL SYSTEMS AND RESINS<\/h1>\n\n<h2 class=\"wp-block-heading\">SAITIN \/ SAIBAT \/ DIPGLUE \/ DIPOXY\u2026<\/h2>\n\n<h3 class=\"has-brown-color has-text-color wp-block-heading\">The range<\/h3>\n\n<p>Polyurethane chemistry is rich. It allows the development of a wide variety of end products characterized by their density, hardness, fire resistance, flexural strength, etc\u2026<\/p>\n\n<p>The formulations are characterized by their reactivity (creaming, threading, expansion time) and allow adjustment to various processing and implementation processes.<\/p>\n\n<figure class=\"wp-block-gallery alignwide has-nested-images columns-default is-cropped wp-block-gallery-1 is-layout-flex wp-block-gallery-is-layout-flex\">\n<figure class=\"wp-block-image size-large\"><img loading=\"lazy\" decoding=\"async\" width=\"800\" height=\"500\" data-id=\"152\" src=\"https:\/\/www.saitec.fr\/wp-content\/uploads\/2022\/09\/system-01.jpeg\" alt=\"\" class=\"wp-image-152\" srcset=\"https:\/\/www.saitec.fr\/wp-content\/uploads\/2022\/09\/system-01.jpeg 800w, https:\/\/www.saitec.fr\/wp-content\/uploads\/2022\/09\/system-01-300x188.jpeg 300w, https:\/\/www.saitec.fr\/wp-content\/uploads\/2022\/09\/system-01-768x480.jpeg 768w\" sizes=\"auto, (max-width: 800px) 100vw, 800px\" \/><\/figure>\n\n\n\n<figure class=\"wp-block-image size-large\"><img loading=\"lazy\" decoding=\"async\" width=\"800\" height=\"500\" data-id=\"154\" src=\"https:\/\/www.saitec.fr\/wp-content\/uploads\/2022\/09\/system-02.jpeg\" alt=\"\" class=\"wp-image-154\" srcset=\"https:\/\/www.saitec.fr\/wp-content\/uploads\/2022\/09\/system-02.jpeg 800w, https:\/\/www.saitec.fr\/wp-content\/uploads\/2022\/09\/system-02-300x188.jpeg 300w, https:\/\/www.saitec.fr\/wp-content\/uploads\/2022\/09\/system-02-768x480.jpeg 768w\" sizes=\"auto, (max-width: 800px) 100vw, 800px\" \/><\/figure>\n\n\n\n<figure class=\"wp-block-image size-large\"><img loading=\"lazy\" decoding=\"async\" width=\"800\" height=\"500\" data-id=\"156\" src=\"https:\/\/www.saitec.fr\/wp-content\/uploads\/2022\/09\/system-03.jpeg\" alt=\"\" class=\"wp-image-156\" srcset=\"https:\/\/www.saitec.fr\/wp-content\/uploads\/2022\/09\/system-03.jpeg 800w, https:\/\/www.saitec.fr\/wp-content\/uploads\/2022\/09\/system-03-300x188.jpeg 300w, https:\/\/www.saitec.fr\/wp-content\/uploads\/2022\/09\/system-03-768x480.jpeg 768w\" sizes=\"auto, (max-width: 800px) 100vw, 800px\" \/><\/figure>\n<\/figure>\n\n<div class=\"wp-block-group alignwide has-white-color has-brown-background-color has-text-color has-background is-layout-flow wp-block-group-is-layout-flow\">\n<h3 class=\"has-white-color has-text-color wp-block-heading\">APPLICATIONS<\/h3>\n\n\n\n<ul class=\"wp-block-list\">\n<li><strong>SAITIN \u2013 GAMME INJECTION<\/strong><br\/>Syst\u00e8me bi-composant pour l\u2019isolation, le moulage de pi\u00e8ces expans\u00e9es ou compactes, le remplissage de cavit\u00e9s, la stabilisation de sols, la flottabilit\u00e9\u2026<\/li>\n\n\n\n<li><strong>SAIBAT \u2013 GAMME PROJECTION<\/strong><br\/>Syst\u00e8me bi-composant pour l\u2019isolation de parois, murs, toitures et terrasses.<\/li>\n\n\n\n<li><strong>DIPGLUE \u2013 GAMME COLLE BI-COMPOSANT<\/strong><\/li>\n\n\n\n<li><strong>DIPSOL \u2013 GAMME REV\u00caTEMENT DE SOL<\/strong><\/li>\n\n\n\n<li><strong>DIPCOAT \u2013 GAMME ANTICORROSION<\/strong><br\/>pour application industrielle<\/li>\n\n\n\n<li><strong>DIPOXY \u2013 GAMME SYNTACTIQUE \u00c9POXY<\/strong><br\/>valid\u00e9e par des organismes sp\u00e9cialis\u00e9s pour applications subsea.<\/li>\n<\/ul>\n<\/div>\n\n<figure class=\"wp-block-image alignwide size-full\"><img loading=\"lazy\" decoding=\"async\" width=\"1800\" height=\"900\" src=\"https:\/\/www.saitec.fr\/wp-content\/uploads\/2022\/09\/system-04.jpeg\" alt=\"\" class=\"wp-image-95\" srcset=\"https:\/\/www.saitec.fr\/wp-content\/uploads\/2022\/09\/system-04.jpeg 1800w, https:\/\/www.saitec.fr\/wp-content\/uploads\/2022\/09\/system-04-300x150.jpeg 300w, https:\/\/www.saitec.fr\/wp-content\/uploads\/2022\/09\/system-04-1024x512.jpeg 1024w, https:\/\/www.saitec.fr\/wp-content\/uploads\/2022\/09\/system-04-768x384.jpeg 768w, https:\/\/www.saitec.fr\/wp-content\/uploads\/2022\/09\/system-04-1536x768.jpeg 1536w\" sizes=\"auto, (max-width: 1800px) 100vw, 1800px\" \/><\/figure>\n\n<h3 class=\"has-brown-color has-text-color wp-block-heading\">TECHNICAL DATA<\/h3>\n\n<h4 class=\"wp-block-heading\"><strong>Standard PU systems<\/strong><\/h4>\n\n<p>A formulation consists of 2 products A (polyol) and B (isocyanate). This is known as a two-component system and is characterized by the A\/B ratio, expressed in volume or weight. Compliance with the A\/B ratio is the key to successful implementation and the guarantee of the final result.    <\/p>\n\n<h4 class=\"wp-block-heading\"><strong>Packagings available :<\/strong><\/h4>\n\n<p>Available in 1 liter jars to 220 liters drums or 1000 liters containers.<\/p>\n","protected":false},"excerpt":{"rendered":"<p>TECHNICAL SYSTEMS AND RESINS SAITIN \/ SAIBAT \/ DIPGLUE \/ DIPOXY\u2026 The range Polyurethane chemistry is rich. It allows the development of a wide variety of end products characterized by their density, hardness, fire resistance, flexural strength, etc\u2026 The formulations are characterized by their reactivity (creaming, threading, expansion time) and allow adjustment to various processing [&hellip;]<\/p>\n","protected":false},"author":1,"featured_media":0,"parent":0,"menu_order":0,"comment_status":"closed","ping_status":"closed","template":"","meta":{"_acf_changed":false,"footnotes":""},"class_list":["post-241","page","type-page","status-publish","hentry"],"acf":[],"yoast_head":"<!-- This site is optimized with the Yoast SEO plugin v27.0 - https:\/\/yoast.com\/product\/yoast-seo-wordpress\/ -->\n<title>Systems and resins - Saitec<\/title>\n<meta name=\"robots\" content=\"index, follow, max-snippet:-1, max-image-preview:large, max-video-preview:-1\" \/>\n<link rel=\"canonical\" href=\"https:\/\/www.saitec.fr\/en\/systems-and-resins\/\" \/>\n<meta property=\"og:locale\" content=\"en_US\" \/>\n<meta property=\"og:type\" content=\"article\" \/>\n<meta property=\"og:title\" content=\"Systems and resins - Saitec\" \/>\n<meta property=\"og:description\" content=\"TECHNICAL SYSTEMS AND RESINS SAITIN \/ SAIBAT \/ DIPGLUE \/ DIPOXY\u2026 The range Polyurethane chemistry is rich. It allows the development of a wide variety of end products characterized by their density, hardness, fire resistance, flexural strength, etc\u2026 The formulations are characterized by their reactivity (creaming, threading, expansion time) and allow adjustment to various processing [&hellip;]\" \/>\n<meta property=\"og:url\" content=\"https:\/\/www.saitec.fr\/en\/systems-and-resins\/\" \/>\n<meta property=\"og:site_name\" content=\"Saitec\" \/>\n<meta property=\"article:modified_time\" content=\"2025-04-10T14:17:53+00:00\" \/>\n<meta property=\"og:image\" content=\"https:\/\/www.saitec.fr\/wp-content\/uploads\/2022\/09\/system-01.jpeg\" \/>\n\t<meta property=\"og:image:width\" content=\"800\" \/>\n\t<meta property=\"og:image:height\" content=\"500\" \/>\n\t<meta property=\"og:image:type\" content=\"image\/jpeg\" \/>\n<meta name=\"twitter:card\" content=\"summary_large_image\" \/>\n<meta name=\"twitter:label1\" content=\"Est. reading time\" \/>\n\t<meta name=\"twitter:data1\" content=\"1 minute\" \/>\n<script type=\"application\/ld+json\" class=\"yoast-schema-graph\">{\"@context\":\"https:\/\/schema.org\",\"@graph\":[{\"@type\":\"WebPage\",\"@id\":\"https:\/\/www.saitec.fr\/en\/systems-and-resins\/\",\"url\":\"https:\/\/www.saitec.fr\/en\/systems-and-resins\/\",\"name\":\"Systems and resins - Saitec\",\"isPartOf\":{\"@id\":\"https:\/\/www.saitec.fr\/en\/#website\"},\"primaryImageOfPage\":{\"@id\":\"https:\/\/www.saitec.fr\/en\/systems-and-resins\/#primaryimage\"},\"image\":{\"@id\":\"https:\/\/www.saitec.fr\/en\/systems-and-resins\/#primaryimage\"},\"thumbnailUrl\":\"https:\/\/www.saitec.fr\/wp-content\/uploads\/2022\/09\/system-01.jpeg\",\"datePublished\":\"2022-09-26T14:29:37+00:00\",\"dateModified\":\"2025-04-10T14:17:53+00:00\",\"breadcrumb\":{\"@id\":\"https:\/\/www.saitec.fr\/en\/systems-and-resins\/#breadcrumb\"},\"inLanguage\":\"en-US\",\"potentialAction\":[{\"@type\":\"ReadAction\",\"target\":[\"https:\/\/www.saitec.fr\/en\/systems-and-resins\/\"]}]},{\"@type\":\"ImageObject\",\"inLanguage\":\"en-US\",\"@id\":\"https:\/\/www.saitec.fr\/en\/systems-and-resins\/#primaryimage\",\"url\":\"https:\/\/www.saitec.fr\/wp-content\/uploads\/2022\/09\/system-01.jpeg\",\"contentUrl\":\"https:\/\/www.saitec.fr\/wp-content\/uploads\/2022\/09\/system-01.jpeg\"},{\"@type\":\"BreadcrumbList\",\"@id\":\"https:\/\/www.saitec.fr\/en\/systems-and-resins\/#breadcrumb\",\"itemListElement\":[{\"@type\":\"ListItem\",\"position\":1,\"name\":\"Accueil\",\"item\":\"https:\/\/www.saitec.fr\/en\/homepage\/\"},{\"@type\":\"ListItem\",\"position\":2,\"name\":\"Systems and resins\"}]},{\"@type\":\"WebSite\",\"@id\":\"https:\/\/www.saitec.fr\/en\/#website\",\"url\":\"https:\/\/www.saitec.fr\/en\/\",\"name\":\"Saitec\",\"description\":\"Une autre id\u00e9e de la chimie\",\"publisher\":{\"@id\":\"https:\/\/www.saitec.fr\/en\/#organization\"},\"potentialAction\":[{\"@type\":\"SearchAction\",\"target\":{\"@type\":\"EntryPoint\",\"urlTemplate\":\"https:\/\/www.saitec.fr\/en\/?s={search_term_string}\"},\"query-input\":{\"@type\":\"PropertyValueSpecification\",\"valueRequired\":true,\"valueName\":\"search_term_string\"}}],\"inLanguage\":\"en-US\"},{\"@type\":\"Organization\",\"@id\":\"https:\/\/www.saitec.fr\/en\/#organization\",\"name\":\"Saitec\",\"url\":\"https:\/\/www.saitec.fr\/en\/\",\"logo\":{\"@type\":\"ImageObject\",\"inLanguage\":\"en-US\",\"@id\":\"https:\/\/www.saitec.fr\/en\/#\/schema\/logo\/image\/\",\"url\":\"https:\/\/www.saitec.fr\/wp-content\/uploads\/2022\/09\/logo.svg\",\"contentUrl\":\"https:\/\/www.saitec.fr\/wp-content\/uploads\/2022\/09\/logo.svg\",\"width\":95,\"height\":73,\"caption\":\"Saitec\"},\"image\":{\"@id\":\"https:\/\/www.saitec.fr\/en\/#\/schema\/logo\/image\/\"}}]}<\/script>\n<!-- \/ Yoast SEO plugin. -->","yoast_head_json":{"title":"Systems and resins - Saitec","robots":{"index":"index","follow":"follow","max-snippet":"max-snippet:-1","max-image-preview":"max-image-preview:large","max-video-preview":"max-video-preview:-1"},"canonical":"https:\/\/www.saitec.fr\/en\/systems-and-resins\/","og_locale":"en_US","og_type":"article","og_title":"Systems and resins - Saitec","og_description":"TECHNICAL SYSTEMS AND RESINS SAITIN \/ SAIBAT \/ DIPGLUE \/ DIPOXY\u2026 The range Polyurethane chemistry is rich. It allows the development of a wide variety of end products characterized by their density, hardness, fire resistance, flexural strength, etc\u2026 The formulations are characterized by their reactivity (creaming, threading, expansion time) and allow adjustment to various processing [&hellip;]","og_url":"https:\/\/www.saitec.fr\/en\/systems-and-resins\/","og_site_name":"Saitec","article_modified_time":"2025-04-10T14:17:53+00:00","og_image":[{"width":800,"height":500,"url":"https:\/\/www.saitec.fr\/wp-content\/uploads\/2022\/09\/system-01.jpeg","type":"image\/jpeg"}],"twitter_card":"summary_large_image","twitter_misc":{"Est. reading time":"1 minute"},"schema":{"@context":"https:\/\/schema.org","@graph":[{"@type":"WebPage","@id":"https:\/\/www.saitec.fr\/en\/systems-and-resins\/","url":"https:\/\/www.saitec.fr\/en\/systems-and-resins\/","name":"Systems and resins - Saitec","isPartOf":{"@id":"https:\/\/www.saitec.fr\/en\/#website"},"primaryImageOfPage":{"@id":"https:\/\/www.saitec.fr\/en\/systems-and-resins\/#primaryimage"},"image":{"@id":"https:\/\/www.saitec.fr\/en\/systems-and-resins\/#primaryimage"},"thumbnailUrl":"https:\/\/www.saitec.fr\/wp-content\/uploads\/2022\/09\/system-01.jpeg","datePublished":"2022-09-26T14:29:37+00:00","dateModified":"2025-04-10T14:17:53+00:00","breadcrumb":{"@id":"https:\/\/www.saitec.fr\/en\/systems-and-resins\/#breadcrumb"},"inLanguage":"en-US","potentialAction":[{"@type":"ReadAction","target":["https:\/\/www.saitec.fr\/en\/systems-and-resins\/"]}]},{"@type":"ImageObject","inLanguage":"en-US","@id":"https:\/\/www.saitec.fr\/en\/systems-and-resins\/#primaryimage","url":"https:\/\/www.saitec.fr\/wp-content\/uploads\/2022\/09\/system-01.jpeg","contentUrl":"https:\/\/www.saitec.fr\/wp-content\/uploads\/2022\/09\/system-01.jpeg"},{"@type":"BreadcrumbList","@id":"https:\/\/www.saitec.fr\/en\/systems-and-resins\/#breadcrumb","itemListElement":[{"@type":"ListItem","position":1,"name":"Accueil","item":"https:\/\/www.saitec.fr\/en\/homepage\/"},{"@type":"ListItem","position":2,"name":"Systems and resins"}]},{"@type":"WebSite","@id":"https:\/\/www.saitec.fr\/en\/#website","url":"https:\/\/www.saitec.fr\/en\/","name":"Saitec","description":"Une autre id\u00e9e de la chimie","publisher":{"@id":"https:\/\/www.saitec.fr\/en\/#organization"},"potentialAction":[{"@type":"SearchAction","target":{"@type":"EntryPoint","urlTemplate":"https:\/\/www.saitec.fr\/en\/?s={search_term_string}"},"query-input":{"@type":"PropertyValueSpecification","valueRequired":true,"valueName":"search_term_string"}}],"inLanguage":"en-US"},{"@type":"Organization","@id":"https:\/\/www.saitec.fr\/en\/#organization","name":"Saitec","url":"https:\/\/www.saitec.fr\/en\/","logo":{"@type":"ImageObject","inLanguage":"en-US","@id":"https:\/\/www.saitec.fr\/en\/#\/schema\/logo\/image\/","url":"https:\/\/www.saitec.fr\/wp-content\/uploads\/2022\/09\/logo.svg","contentUrl":"https:\/\/www.saitec.fr\/wp-content\/uploads\/2022\/09\/logo.svg","width":95,"height":73,"caption":"Saitec"},"image":{"@id":"https:\/\/www.saitec.fr\/en\/#\/schema\/logo\/image\/"}}]}},"_links":{"self":[{"href":"https:\/\/www.saitec.fr\/en\/wp-json\/wp\/v2\/pages\/241","targetHints":{"allow":["GET"]}}],"collection":[{"href":"https:\/\/www.saitec.fr\/en\/wp-json\/wp\/v2\/pages"}],"about":[{"href":"https:\/\/www.saitec.fr\/en\/wp-json\/wp\/v2\/types\/page"}],"author":[{"embeddable":true,"href":"https:\/\/www.saitec.fr\/en\/wp-json\/wp\/v2\/users\/1"}],"replies":[{"embeddable":true,"href":"https:\/\/www.saitec.fr\/en\/wp-json\/wp\/v2\/comments?post=241"}],"version-history":[{"count":10,"href":"https:\/\/www.saitec.fr\/en\/wp-json\/wp\/v2\/pages\/241\/revisions"}],"predecessor-version":[{"id":438,"href":"https:\/\/www.saitec.fr\/en\/wp-json\/wp\/v2\/pages\/241\/revisions\/438"}],"wp:attachment":[{"href":"https:\/\/www.saitec.fr\/en\/wp-json\/wp\/v2\/media?parent=241"}],"curies":[{"name":"wp","href":"https:\/\/api.w.org\/{rel}","templated":true}]}}